{"id":168,"date":"2018-03-06T23:36:28","date_gmt":"2018-03-06T23:36:28","guid":{"rendered":"http:\/\/www.attac2.de\/?page_id=168"},"modified":"2022-10-23T14:26:22","modified_gmt":"2022-10-23T14:26:22","slug":"ueber-uns","status":"publish","type":"page","link":"https:\/\/www.attac2.de\/?page_id=168","title":{"rendered":"Profil"},"content":{"rendered":"<p><strong>Spezialfortbildung f\u00fcr Auswerter, Analysten und Forensiker<\/strong><\/p>\n<p>F\u00fcr den Bereich der Fortbildung von Analyse- und Auswerteprodukten pr\u00e4sentiert die attac\u00b2 GmbH ein Portfolio, das sich an den gebr\u00e4uchlichsten und leistungsst\u00e4rksten Produkten am Markt orientiert:<\/p>\n<ul>\n<li>IBM i2 &#8211; Analyst\u2019s Notebook<\/li>\n<li>InfoZoom<\/li>\n<li>XWays<\/li>\n<li>GeoTime<\/li>\n<\/ul>\n<p>!!! Weitere Softwareschulungen auf Nachfrage !!!<\/p>\n<p>In vielen Bereichen der qualifizierten Aus- und Fortbildung ergeben sich in wachsendem Ma\u00dfe Bed\u00fcrfnisse der fachlichen Fortbildung, die nicht mit eigenem Schulungspersonal abgedeckt werden k\u00f6nnen.<\/p>\n<p>Externe Trainer sind nicht immer kosteng\u00fcnstig, stellen aber eine effiziente Handlungsoption f\u00fcr den Bereich der Spezialfortbildung dar.<\/p>\n<p>Die Schulungen richten sich an Sachbearbeiter, Ermittler und Analysten von Sicherheits- und Strafverfolgungsbeh\u00f6rden, die sich zunehmend den Herausforderungen im Bereich der forensischen Datenauswertung, (Geo-)Visualisierung von Daten und Verkn\u00fcpfung der Inhalte stellen m\u00fcssen.<\/p>\n<p>In unseren Schulungen wird Wert auf professionelle und gleichzeitig individuelle Trainingskonzepte &#8211; auf Wunsch auch mit eigenen Daten &#8211; gelegt, die praxisbezogen und anwendungsorientiert das notwendige Wissen vermitteln.<\/p>\n<p>Unsere Trainer verf\u00fcgen \u00fcber langj\u00e4hrige Erfahrungen im Bereich der Analyse und Auswertung von Daten bei Strafverfolgungsbeh\u00f6rden des Bundes und der L\u00e4nder. Sie waren und sind auch international bspw. im Rahmen von Phare-Twinning-Projekten im Einsatz. Aufgrund der langj\u00e4hrigen praktischen Erfahrung im Umgang mit den Software-Produkten und einer Vielzahl von Problemstellungen k\u00f6nnen die Trainer jederzeit auf unterschiedlichste Bed\u00fcrfnisse der Teilnehmer eingehen.<\/p>\n<p>Wir bieten grunds\u00e4tzlich In-House-Schulungen an, auf Wunsch auch einen mobilen IT-Lehrsaal mit Schulungslizenzen. Wir k\u00f6nnen dar\u00fcber hinaus<\/p>\n<ul>\n<li>Termine flexibel und kurzfristig anbieten<\/li>\n<li>individuelle Lehrg\u00e4nge direkt auf Zielgruppen zuschneiden<\/li>\n<li>durch einen modularen Aufbau vorhandenes Wissen ausbauen<\/li>\n<\/ul>\n<p>Unsere Kurse richten sich grunds\u00e4tzlich an 8-10 Teilnehmer. Die kleinen Gruppen garantieren eine hohe Lerneffizienz. Gleichzeitig bietet sich die Gelegenheit, ein Team von Mitarbeitern effizient, gemeinsam und schnell fortbilden zu lassen.<\/p>\n","protected":false},"excerpt":{"rendered":"<p>Spezialfortbildung f\u00fcr Auswerter, Analysten und Forensiker F\u00fcr den Bereich der Fortbildung von Analyse- und Auswerteprodukten pr\u00e4sentiert die attac\u00b2 GmbH ein Portfolio, das sich an den gebr\u00e4uchlichsten und leistungsst\u00e4rksten Produkten am Markt orientiert: IBM i2 &#8211; Analyst\u2019s Notebook InfoZoom XWays GeoTime !!! Weitere Softwareschulungen auf Nachfrage !!! In vielen Bereichen der qualifizierten Aus- und Fortbildung ergeben [&hellip;]<\/p>\n","protected":false},"author":3,"featured_media":0,"parent":0,"menu_order":0,"comment_status":"closed","ping_status":"closed","template":"page-full-width.php","meta":{"footnotes":""},"class_list":["post-168","page","type-page","status-publish","hentry"],"_links":{"self":[{"href":"https:\/\/www.attac2.de\/index.php?rest_route=\/wp\/v2\/pages\/168"}],"collection":[{"href":"https:\/\/www.attac2.de\/index.php?rest_route=\/wp\/v2\/pages"}],"about":[{"href":"https:\/\/www.attac2.de\/index.php?rest_route=\/wp\/v2\/types\/page"}],"author":[{"embeddable":true,"href":"https:\/\/www.attac2.de\/index.php?rest_route=\/wp\/v2\/users\/3"}],"replies":[{"embeddable":true,"href":"https:\/\/www.attac2.de\/index.php?rest_route=%2Fwp%2Fv2%2Fcomments&post=168"}],"version-history":[{"count":6,"href":"https:\/\/www.attac2.de\/index.php?rest_route=\/wp\/v2\/pages\/168\/revisions"}],"predecessor-version":[{"id":214,"href":"https:\/\/www.attac2.de\/index.php?rest_route=\/wp\/v2\/pages\/168\/revisions\/214"}],"wp:attachment":[{"href":"https:\/\/www.attac2.de\/index.php?rest_route=%2Fwp%2Fv2%2Fmedia&parent=168"}],"curies":[{"name":"wp","href":"https:\/\/api.w.org\/{rel}","templated":true}]}}