{"id":34,"date":"2018-02-09T02:36:15","date_gmt":"2018-02-09T02:36:15","guid":{"rendered":"http:\/\/www.attac2.de\/?page_id=34"},"modified":"2022-10-23T15:28:30","modified_gmt":"2022-10-23T15:28:30","slug":"analysts-notebook","status":"publish","type":"page","link":"https:\/\/www.attac2.de\/?page_id=34","title":{"rendered":"Analyst&#8217;s Notebook"},"content":{"rendered":"<p><strong><u>Basisschulung (Modul\u00a01)<\/u> <\/strong><\/p>\n<p>Dauer: 4 Tage bzw. 32 UE \u00e1 45 Minuten<\/p>\n<p>1. Beschreibung<\/p>\n<p>Die Basisschulung vermittelt die wesentlichen Elemente des Programms IBM i2 Analyst&#8217;s Notebook. Die Kursteilnehmer lernen mit Analyst Notebook Charts zu erstellen, zu durchsuchen und zu analysieren und die Daten in unterschiedlichen Formen weiter zu geben.<\/p>\n<p>2. Kursinhalte<\/p>\n<ul>\n<li>Einf\u00fchrung in IBM i2 Analyst&#8217;s Notebook<\/li>\n<li>Diagrammelemente (Entit\u00e4ten, Verkn\u00fcpfungen, Attribute und Karten)<\/li>\n<li>Beziehungsdiagramm und Themenlinien (Zeitablaufdiagramme)<\/li>\n<li>Analysefunktionen (Textsuche, Elemente auflisten, Visuelle Suche, Suchleiste)<\/li>\n<li>Import von &#8222;sauber&#8220; strukturierten Daten<\/li>\n<li>Pr\u00e4sentation von Ergebnissen<\/li>\n<\/ul>\n<p>3. Ziele<\/p>\n<p>Der Kurs vermittelt den Teilnehmern einen \u00dcberblick \u00fcber die grundlegenden M\u00f6glichkeiten und Werkzeuge der Anwendung IBM i2 Analyst&#8217;s Notebook. Sie lernen die Software effizient zu nutzen. Weitere Werkzeuge und M\u00f6glichkeiten werden in weiteren Modulen vermittelt.<\/p>\n<p>4. Voraussetzungen<\/p>\n<p>Die Sch\u00fcler m\u00fcssen mit Microsoft Windows vertraut sein. Alle Kurse werden in deutscher Sprache durchgef\u00fchrt. Eine Schulung mit Hilfe von Dolmetschern ist m\u00f6glich.<\/p>\n<p>5. Zielgruppe<\/p>\n<p>Dieser Kurs ist speziell f\u00fcr neue Benutzer der Software oder bisher nicht ausgebildete Benutzer, die die Software IBM i2 Analyst&#8217;s Notebook effektiv und effizient nutzen m\u00f6chten.<\/p>\n<p><strong><u>Aufbau-Schulung Analyse (Modul\u00a02)<\/u> <\/strong><\/p>\n<p>Dauer: 3 Tage bzw. 24 UE \u00e1 45 Minuten<\/p>\n<p>1. Beschreibung<\/p>\n<p>Das Modul 2 vermittelt die Nutzung weiterer Analysewerkzeuge der Software IBM i2 Analyst&#8217;s Notebook. Die Teilnehmer werden sicherer im Umgang mit der Software und erlernen weitere M\u00f6glichkeiten der Datenanalyse.<\/p>\n<p>2. Kursinhalte<\/p>\n<ul>\n<li>Umfeldanalyse und Pfadsuche<\/li>\n<li>Analyse verkn\u00fcpfter Elemente<\/li>\n<li>Cluster, Analyse sozialer Netzwerke<\/li>\n<li>\u00dcbereinstimmungssuche (doppelte Entit\u00e4ten finden)<\/li>\n<li>Semantische Typen und Pfade<\/li>\n<li>Filter und Histogramme<\/li>\n<li>Hot-Spot-Analyse<\/li>\n<li>Bedingte Formatierung<\/li>\n<li>Aktivit\u00e4tsansicht<\/li>\n<\/ul>\n<p>3. Ziele<\/p>\n<p>Das Modul 2 vermittelt den Teilnehmern weitere in IBM i2 Analyst&#8217;s Notebook integrierte Werkzeuge. Sie lernen dadurch weitere M\u00f6glichkeiten der effizienten Datenanalyse.<\/p>\n<p>4. Voraussetzungen<\/p>\n<p>Die Teilnehmer sollten zuvor mindestens das Modul 1 besucht haben.<\/p>\n<p>Die Sch\u00fcler m\u00fcssen mit Microsoft Windows vertraut sein. Alle Kurse werden in deutscher Sprache durchgef\u00fchrt. Eine Schulung mit Hilfe von Dolmetschern ist m\u00f6glich.<\/p>\n<p>5. Zielgruppe<\/p>\n<p>Das Modul 2 richtet sich an Nutzer der Software IBM i2 Analyst&#8217;s Notebook, die intensiver in die M\u00f6glichkeiten der Analyse mit IBM i2 Analyst&#8217;s Notebook einsteigen m\u00f6chten.<\/p>\n<p><strong> <u>Aufbau-Schulung Import (Modul\u00a03)<\/u> <\/strong><\/p>\n<p>Dauer: 2 Tage bzw. 16 UE \u00e1 45 Minuten<\/p>\n<p>1. Beschreibung<\/p>\n<p>Das Modul 3 \u2013 Import \u2013 erschlie\u00dft die ganze Tiefe der M\u00f6glichkeiten des Importmoduls in IBM i2 Analyst&#8217;s Notebook. Daten k\u00f6nnen dort aufbereitet (normalisiert) werden. Zus\u00e4tzlich k\u00f6nnen aus den vorhandenen Daten weitere Attribute generiert werden, aus einem Kfz-Kennzeichen bspw. Angaben zum Landkreis und dem Bundesland. Eine solche &#8222;Datenanreicherung&#8220; im Zuge des Imports schafft zus\u00e4tzliche Analysem\u00f6glichkeiten.<\/p>\n<p>2. Kursinhalte<\/p>\n<ul>\n<li>Importmodul<\/li>\n<li>Datenaufbereitung<\/li>\n<li>Datenanreicherung<\/li>\n<\/ul>\n<p>3. Ziele<\/p>\n<p>Das Modul 3 \u2013 Import \u2013 vermittelt vielf\u00e4ltige M\u00f6glichkeiten im Rahmen des Imports die Daten zu normalisieren (Verbesserung der Datenqualit\u00e4t) und an das Muster bereits vorhandener Daten anzupassen. Zudem wird gezeigt, wie mit den M\u00f6glichkeiten im Rahmen des Imports aus den vorhandenen Daten weitere Attribute generiert werden k\u00f6nnen. Bspw. k\u00f6nnen aus IMEI&#8217;s die Marke des Ger\u00e4tes angereichert und aus IMSI das ausgebende Land und der Netzbetreiber erstellt und zum Datensatz gespeichert werden.<\/p>\n<p>4. Voraussetzungen<\/p>\n<p>Die Teilnehmer sollten zuvor mindestens das Modul 1 besucht haben.<\/p>\n<p>Die Sch\u00fcler m\u00fcssen mit Microsoft Windows vertraut sein. Alle Kurse werden in deutscher Sprache durchgef\u00fchrt. Eine Schulung mit Hilfe von Dolmetschern ist m\u00f6glich.<\/p>\n<p>5. Zielgruppe<\/p>\n<p>Das Modul 3 \u2013 Import \u2013 richtet sich an erfahrene Nutzer der Software IBM i2 Analyst&#8217;s Notebook, die mit den vermittelten Fertigkeiten auf ein neues Level ihrer M\u00f6glichkeiten gehoben werden.<\/p>\n<p><strong> <u>Aufbau-Schulung &#8222;Social Network Analysis SNA&#8220; (Modul\u00a04)<\/u> <\/strong><\/p>\n<p>Dauer: 2 Tage bzw. 16 UE \u00e1 45 Minuten<\/p>\n<p>1. Beschreibung<\/p>\n<p>Die &#8222;Analyse sozialer Netzwerke&#8220; in IBM i2 Analyst&#8217;s Notebook nutzt mehrere Verfahren, mit denen sich soziale T\u00e4ter- und Handlungs-Netzwerke analysieren und systematisch und quantifizierend beschreiben lassen. Diese Analysen k\u00f6nnen helfen, komplexe Netzwerke zu verstehen und neue Ermittlungsans\u00e4tze in Massendaten zu finden.<\/p>\n<p>2. Kursinhalte<\/p>\n<ul>\n<li>Betweenness- oder &#8222;Gatekeeper&#8220;-Funktion<\/li>\n<li>Closeness<\/li>\n<li>Degree<\/li>\n<li>Eigenvektor<\/li>\n<li>Coreness<\/li>\n<li>praktische \u00dcbungen<\/li>\n<\/ul>\n<p>3. Ziele<\/p>\n<p>Das Modul vermittelt dem Teilnehmer Handlungssicherheit in den Funktionen der &#8222;Analyse sozialer Netzwerke&#8220; in IBM i2 Analyst&#8217;s Notebook.<\/p>\n<p>4. Voraussetzungen<\/p>\n<p>Die Teilnehmer sollten zuvor mindestens das Modul 1 und 2 besucht haben.<\/p>\n<p>Die Sch\u00fcler m\u00fcssen mit Microsoft Windows vertraut sein. Alle Kurse werden in deutscher Sprache durchgef\u00fchrt. Eine Schulung mit Hilfe von Dolmetschern ist m\u00f6glich.<\/p>\n<p>5. Zielgruppe<\/p>\n<p>Das Modul richtet sich an erfahrene Nutzer und vermittelt Handlungssicherheit in den Funktionen der &#8222;Analyse sozialer Netzwerke&#8220; in IBM i2 Analyst&#8217;s Notebook.<\/p>\n<p><strong> <u>Workshop IBM i2 Analyst&#8217;s Notebook (Modul\u00a05)<\/u> <\/strong><\/p>\n<p>Dauer: 3 Tage bzw. 24 UE \u00e1 45 Minuten oder nach Absprache in Verbindung mit anderen Workshops<\/p>\n<p>1. Beschreibung<\/p>\n<p>Inhalt des Lehrgangs sind umfangreiche Praxis-\u00dcbungen mit &#8222;echten&#8220; Daten. Die \u00dcbungs-Szenarios sind angelehnt an modi operandi und Daten aus tats\u00e4chlichen Ermittlungsverfahren. Bei geschlossenen Lehrg\u00e4ngen k\u00f6nnen auch Echtdaten aus abgeschlossenen oder laufenden Ermittlungsverfahren des jeweiligen Auftraggebers analysiert werden.<\/p>\n<p>Der Kurs kann mit Workshop Veranstaltungen anderer angebotener Schulungen zu Analyse-Werkzeugen kombiniert werden.<\/p>\n<p>2. Kursinhalte<\/p>\n<ul>\n<li>\u00dcbungen angelehnt an echte F\u00e4lle<\/li>\n<li>Die \u00dcbungen werden auf den Kriminalit\u00e4tsschwerpunkt der Teilnehmer angepasst<\/li>\n<\/ul>\n<p>3. Ziele<\/p>\n<p>Das Modul vermittelt den Teilnehmern Handlungssicherheit und neue Sichtweisen \/ Analysemethoden in ihrem Aufgabenbereich \/ Kriminalit\u00e4tsph\u00e4nomen.<\/p>\n<p>4. Voraussetzungen<\/p>\n<p>Die Teilnehmer sollten zuvor mindestens das Modul 1 und 2 besucht haben.<\/p>\n<p>Die Sch\u00fcler m\u00fcssen mit Microsoft Windows vertraut sein. Alle Kurse werden in deutscher Sprache durchgef\u00fchrt. Eine Schulung mit Hilfe von Dolmetschern ist m\u00f6glich.<\/p>\n<p>5. Zielgruppe<\/p>\n<p>Das Modul richtet sich an erfahrene Nutzer und vermittelt Handlungssicherheit und neue Analyse-Methoden, die durch die Software IBM i2 Analyst&#8217;s Notebook unterst\u00fctzt werden.<\/p>\n<p>Der Kurs kann in Verbindung mit Workshops zu anderen Analyse-Werkzeugen, die durch die Fa. attac<sup>2<\/sup> angeboten werden, gebucht werden.<\/p>\n<p><strong> <u>IBM i2 Analyst&#8217;s Notebook Update (Modul\u00a06)<\/u> <\/strong><\/p>\n<p>Dauer: Nach Absprache je nach gew\u00fcnschtem Inhalt<\/p>\n<p>1. Beschreibung<\/p>\n<p>Der Auftraggeber gibt vor, welche (neuen) Werkzeuge der Software IBM i2 Analyst&#8217;s Notebook geschult werden sollen. Der Lehrgang eignet sich somit zur Auffrischung der Kenntnisse aber auch als Update nachdem Neuerungen in der Software IBM i2 Analyst&#8217;s Notebook eingef\u00fchrt wurden.<\/p>\n<p>2. Kursinhalte<\/p>\n<ul>\n<li>Nach Vorgabe \/ Absprache mit dem Auftraggeber<\/li>\n<\/ul>\n<p>3. Ziele<\/p>\n<p>Das Modul vermittelt dem Teilnehmer Handlungssicherheit in den Neuerungen der Software IBM i2 Analyst&#8217;s Notebook bzw. wiederholt zielgerichtet Unterrichtungen f\u00fcr gew\u00fcnschte Werkzeuge aus IBM i2 Analyst&#8217;s Notebook.<\/p>\n<p>4. Voraussetzungen<\/p>\n<p>Die Teilnehmer sollten zuvor mindestens das Modul 1 besucht haben.<\/p>\n<p>Die Sch\u00fcler m\u00fcssen mit Microsoft Windows vertraut sein. Alle Kurse werden in deutscher Sprache durchgef\u00fchrt. Eine Schulung mit Hilfe von Dolmetschern ist m\u00f6glich.<\/p>\n<p>5. Zielgruppe<\/p>\n<p>Das Modul richtet sich an erfahrene Nutzer und vermittelt Handlungssicherheit und neue Analyse-Methoden, die durch die Software IBM i2 Analyst&#8217;s Notebook unterst\u00fctzt werden.<\/p>\n","protected":false},"excerpt":{"rendered":"<p>Basisschulung (Modul\u00a01) Dauer: 4 Tage bzw. 32 UE \u00e1 45 Minuten 1. Beschreibung Die Basisschulung vermittelt die wesentlichen Elemente des Programms IBM i2 Analyst&#8217;s Notebook. Die Kursteilnehmer lernen mit Analyst Notebook Charts zu erstellen, zu durchsuchen und zu analysieren und die Daten in unterschiedlichen Formen weiter zu geben. 2. Kursinhalte Einf\u00fchrung in IBM i2 Analyst&#8217;s [&hellip;]<\/p>\n","protected":false},"author":1,"featured_media":0,"parent":0,"menu_order":0,"comment_status":"closed","ping_status":"closed","template":"page-full-width.php","meta":{"footnotes":""},"class_list":["post-34","page","type-page","status-publish","hentry"],"_links":{"self":[{"href":"https:\/\/www.attac2.de\/index.php?rest_route=\/wp\/v2\/pages\/34"}],"collection":[{"href":"https:\/\/www.attac2.de\/index.php?rest_route=\/wp\/v2\/pages"}],"about":[{"href":"https:\/\/www.attac2.de\/index.php?rest_route=\/wp\/v2\/types\/page"}],"author":[{"embeddable":true,"href":"https:\/\/www.attac2.de\/index.php?rest_route=\/wp\/v2\/users\/1"}],"replies":[{"embeddable":true,"href":"https:\/\/www.attac2.de\/index.php?rest_route=%2Fwp%2Fv2%2Fcomments&post=34"}],"version-history":[{"count":16,"href":"https:\/\/www.attac2.de\/index.php?rest_route=\/wp\/v2\/pages\/34\/revisions"}],"predecessor-version":[{"id":225,"href":"https:\/\/www.attac2.de\/index.php?rest_route=\/wp\/v2\/pages\/34\/revisions\/225"}],"wp:attachment":[{"href":"https:\/\/www.attac2.de\/index.php?rest_route=%2Fwp%2Fv2%2Fmedia&parent=34"}],"curies":[{"name":"wp","href":"https:\/\/api.w.org\/{rel}","templated":true}]}}