{"id":48,"date":"2018-02-09T03:44:24","date_gmt":"2018-02-09T03:44:24","guid":{"rendered":"http:\/\/www.attac2.de\/?page_id=48"},"modified":"2018-02-12T22:10:04","modified_gmt":"2018-02-12T22:10:04","slug":"infozoom","status":"publish","type":"page","link":"https:\/\/www.attac2.de\/?page_id=48","title":{"rendered":"Infozoom"},"content":{"rendered":"<p><span style=\"font-family: arial, helvetica, sans-serif;\"><strong><u>Basisschulung (Modul\u00a01)<\/u><\/strong><\/span><\/p>\n<p><span style=\"font-family: arial, helvetica, sans-serif;\">Dauer: 4 Tage bzw. 32 UE \u00e1 45 Minuten<\/span><\/p>\n<ol>\n<li><span style=\"font-family: arial, helvetica, sans-serif;\">Beschreibung<\/span><\/li>\n<\/ol>\n<p><span style=\"font-family: arial, helvetica, sans-serif;\">Die Basisschulung vermittelt die wesentlichen Elemente des Programms InfoZoom. Die Kursteilnehmer lernen den Import von Daten aus Text-, Excel- und Datenbank-Formaten, die Erstellung von abgeleiteten Attributen, Diagrammen und Reports sowie den Export von InfoZoom-Daten in externe Formate.<\/span><\/p>\n<p>&nbsp;<\/p>\n<ol start=\"2\">\n<li><span style=\"font-family: arial, helvetica, sans-serif;\">Kursinhalte<\/span><\/li>\n<\/ol>\n<ul>\n<li><span style=\"font-family: arial, helvetica, sans-serif;\">Einf\u00fchrung in InfoZoom<\/span><\/li>\n<li><span style=\"font-family: arial, helvetica, sans-serif;\">Import aus verschiedenen Datenformaten<\/span><\/li>\n<li><span style=\"font-family: arial, helvetica, sans-serif;\">Erstellung von abgeleiteten Attributen<\/span><\/li>\n<li><span style=\"font-family: arial, helvetica, sans-serif;\">Analysefunktionen (Zusammenfassungen von Attributen)<\/span><\/li>\n<li><span style=\"font-family: arial, helvetica, sans-serif;\">Analyse mit Hilfe von Formeln<\/span><\/li>\n<li><span style=\"font-family: arial, helvetica, sans-serif;\">Erstellung von Diagrammen und Reports<\/span><\/li>\n<li><span style=\"font-family: arial, helvetica, sans-serif;\">Erstellung und Bearbeitung von Abfragen<\/span><\/li>\n<li><span style=\"font-family: arial, helvetica, sans-serif;\">Verlinken und joinen unterschiedlicher Tabellen<\/span><\/li>\n<li><span style=\"font-family: arial, helvetica, sans-serif;\">Pr\u00e4sentation von Ergebnissen<\/span><\/li>\n<\/ul>\n<p>&nbsp;<\/p>\n<ol start=\"3\">\n<li><span style=\"font-family: arial, helvetica, sans-serif;\">Ziele<\/span><\/li>\n<\/ol>\n<p><span style=\"font-family: arial, helvetica, sans-serif;\">Der Kurs vermittelt den Teilnehmern einen \u00dcberblick \u00fcber die grundlegenden M\u00f6glichkeiten und Werkzeuge der Anwendung InfoZoom. Sie lernen die Software effizient zu nutzen. Weitere Werkzeuge und M\u00f6glichkeiten werden in weiteren Modulen vermittelt.<\/span><\/p>\n<p>&nbsp;<\/p>\n<ol start=\"4\">\n<li><span style=\"font-family: arial, helvetica, sans-serif;\">Voraussetzungen<\/span><\/li>\n<\/ol>\n<p><span style=\"font-family: arial, helvetica, sans-serif;\">Die Sch\u00fcler m\u00fcssen mit Microsoft Windows vertraut sein. Alle Kurse werden in deutscher Sprache durchgef\u00fchrt. Eine Schulung mit Hilfe von Dolmetschern ist m\u00f6glich.<\/span><\/p>\n<p>&nbsp;<\/p>\n<ol start=\"5\">\n<li><span style=\"font-family: arial, helvetica, sans-serif;\">Zielgruppe<\/span><\/li>\n<\/ol>\n<p><span style=\"font-family: arial, helvetica, sans-serif;\">Dieser Kurs ist speziell f\u00fcr neue Benutzer der Software oder bisher nicht ausgebildete Benutzer, die die Software InfoZoom effektiv und effizient nutzen m\u00f6chten.<\/span><\/p>\n<p>&nbsp;<\/p>\n<p><span style=\"font-family: arial, helvetica, sans-serif;\"><strong><u>Aufbau-Schulung Datenaufbereitung \/ Datenanalyse (Modul\u00a02)<\/u><\/strong><\/span><\/p>\n<p><span style=\"font-family: arial, helvetica, sans-serif;\">Dauer: 3 Tage bzw. 24 UE \u00e1 45 Minuten<\/span><\/p>\n<p>&nbsp;<\/p>\n<ol>\n<li><span style=\"font-family: arial, helvetica, sans-serif;\">Beschreibung<\/span><\/li>\n<\/ol>\n<p><span style=\"font-family: arial, helvetica, sans-serif;\">Das Modul 2 vermittelt die Nutzung von Mustervergleich \/ regul\u00e4ren Ausdr\u00fccken, die f\u00fcr die Suche und Aufbereitung in unstrukturierten Daten genutzt werden k\u00f6nnen. Die Teilnehmer werden sicherer im Umgang mit der Software und erlernen weitere M\u00f6glichkeiten der Datenanalyse und Datenextraktion.<\/span><\/p>\n<p>&nbsp;<\/p>\n<ol start=\"2\">\n<li><span style=\"font-family: arial, helvetica, sans-serif;\">Kursinhalte<\/span><\/li>\n<\/ol>\n<ul>\n<li><span style=\"font-family: arial, helvetica, sans-serif;\">Suchen und Ersetzen mit regul\u00e4ren Ausdr\u00fccken<\/span><\/li>\n<li><span style=\"font-family: arial, helvetica, sans-serif;\">Gierige und gen\u00fcgsame Wiederholungsoperatoren<\/span><\/li>\n<li><span style=\"font-family: arial, helvetica, sans-serif;\">Gruppierungen<\/span><\/li>\n<li><span style=\"font-family: arial, helvetica, sans-serif;\">Alternativen<\/span><\/li>\n<li><span style=\"font-family: arial, helvetica, sans-serif;\">Suchoperatoren mit Abk\u00fcrzungen<\/span><\/li>\n<\/ul>\n<p>&nbsp;<\/p>\n<ol start=\"3\">\n<li><span style=\"font-family: arial, helvetica, sans-serif;\">Ziele<\/span><\/li>\n<\/ol>\n<p><span style=\"font-family: arial, helvetica, sans-serif;\">Das Modul 2 vermittelt den Teilnehmern weitere in InfoZoom integrierte M\u00f6glichkeiten. Sie lernen dadurch effiziente Wege auch mangelhafte Daten und sogar unstrukturierte Daten zu analysieren.<\/span><\/p>\n<p>&nbsp;<\/p>\n<ol start=\"4\">\n<li><span style=\"font-family: arial, helvetica, sans-serif;\">Voraussetzungen<\/span><\/li>\n<\/ol>\n<p><span style=\"font-family: arial, helvetica, sans-serif;\">Die Teilnehmer sollten zuvor mindestens das Modul 1 besucht haben.<\/span><\/p>\n<p><span style=\"font-family: arial, helvetica, sans-serif;\">Die Sch\u00fcler m\u00fcssen mit Microsoft Windows vertraut sein. Alle Kurse werden in deutscher Sprache durchgef\u00fchrt. Eine Schulung mit Hilfe von Dolmetschern ist m\u00f6glich.<\/span><\/p>\n<p>&nbsp;<\/p>\n<ol start=\"5\">\n<li><span style=\"font-family: arial, helvetica, sans-serif;\">Zielgruppe<\/span><\/li>\n<\/ol>\n<p><span style=\"font-family: arial, helvetica, sans-serif;\">Das Modul 2 richtet sich an Nutzer der Software InfoZoom, die intensiver in die M\u00f6glichkeiten der Analyse auch unstrukturierter Daten mit InfoZoom insteigen m\u00f6chten.<\/span><\/p>\n<p>&nbsp;<\/p>\n<p><span style=\"font-family: arial, helvetica, sans-serif;\"><strong><u>Aufbau-Schulung Kommandozeilenparameter (Modul\u00a03)<\/u><\/strong><\/span><\/p>\n<p><span style=\"font-family: arial, helvetica, sans-serif;\">Dauer: 1 Tage bzw. 8 UE \u00e1 45 Minuten<\/span><\/p>\n<p>&nbsp;<\/p>\n<ol>\n<li><span style=\"font-family: arial, helvetica, sans-serif;\">Beschreibung<\/span><\/li>\n<\/ol>\n<p><span style=\"font-family: arial, helvetica, sans-serif;\">Durch den Gebrauch von Kommandozeilenparametern lassen sich Arbeitsabl\u00e4ufe von InfoZoom in einer Stapelverarbeitung automatisieren. Die M\u00f6glichkeiten der Stapelverarbeitung stehen ausschlie\u00dflich in der Version InfoZoom Desktop Professional zur Verf\u00fcgung.<\/span><\/p>\n<p><span style=\"font-family: arial, helvetica, sans-serif;\">Das Modul 3 erm\u00f6glicht Arbeitsabl\u00e4ufe zu automatisieren, bspw. ein allmorgendlicher Import von verschiedenen Datenquellen in eine InfoZoom-Vorlage.<\/span><\/p>\n<p>&nbsp;<\/p>\n<ol start=\"2\">\n<li><span style=\"font-family: arial, helvetica, sans-serif;\">Kursinhalte<\/span><\/li>\n<\/ol>\n<ul>\n<li><span style=\"font-family: arial, helvetica, sans-serif;\">Nutzung von Kommandozeilenparametern<\/span><\/li>\n<li><span style=\"font-family: arial, helvetica, sans-serif;\">Syntax<\/span><\/li>\n<li><span style=\"font-family: arial, helvetica, sans-serif;\">Kommandos<\/span><\/li>\n<\/ul>\n<p>&nbsp;<\/p>\n<ol start=\"3\">\n<li><span style=\"font-family: arial, helvetica, sans-serif;\">Ziele<\/span><\/li>\n<\/ol>\n<p><span style=\"font-family: arial, helvetica, sans-serif;\">Das Modul 3 \u2013 Kommandozeilenparameter \u2013 vermittelt die M\u00f6glichkeiten, InfoZoom <u>automatisiert<\/u> Daten bereitzustellen. Der Nutzer wird organisatorisch und zeitlich von dieser Aufgabe entlastet und erh\u00e4lt (mehr) Zeit f\u00fcr Analysen.<\/span><\/p>\n<p>&nbsp;<\/p>\n<ol start=\"4\">\n<li><span style=\"font-family: arial, helvetica, sans-serif;\">Voraussetzungen<\/span><\/li>\n<\/ol>\n<p><span style=\"font-family: arial, helvetica, sans-serif;\">Die Teilnehmer sollten zuvor mindestens das Modul 1 besucht haben.<\/span><\/p>\n<p><span style=\"font-family: arial, helvetica, sans-serif;\">Die Sch\u00fcler m\u00fcssen mit Microsoft Windows vertraut sein. Alle Kurse werden in deutscher Sprache durchgef\u00fchrt. Eine Schulung mit Hilfe von Dolmetschern ist m\u00f6glich.<\/span><\/p>\n<p>&nbsp;<\/p>\n<ol start=\"5\">\n<li><span style=\"font-family: arial, helvetica, sans-serif;\">Zielgruppe<\/span><\/li>\n<\/ol>\n<p><span style=\"font-family: arial, helvetica, sans-serif;\">Das Modul 3 \u2013 Import \u2013 richtet sich an erfahrene Nutzer der Version InfoZoom Desktop Professional, die mit den vermittelten Fertigkeiten von Routine-Aufgaben entlastet werden sollen um sich ganz auf die Analyse von Daten konzentrieren zu k\u00f6nnen.<\/span><\/p>\n<p>&nbsp;<\/p>\n<p><span style=\"font-family: arial, helvetica, sans-serif;\"><strong><u>Workshop InfoZoom (Modul\u00a05)<\/u><\/strong><\/span><\/p>\n<p><span style=\"font-family: arial, helvetica, sans-serif;\">Dauer: 3 Tage bzw. 24 UE \u00e1 45 Minuten oder nach Absprache in Verbindung mit anderen Workshops<\/span><\/p>\n<p>&nbsp;<\/p>\n<ol>\n<li><span style=\"font-family: arial, helvetica, sans-serif;\">Beschreibung<\/span><\/li>\n<\/ol>\n<p><span style=\"font-family: arial, helvetica, sans-serif;\">Inhalt des Lehrgangs sind umfangreiche Praxis-\u00dcbungen mit &#8222;echten&#8220; Daten. Die \u00dcbungs-Szenarios sind angelehnt an modi operandi und Daten aus tats\u00e4chlichen Ermittlungsverfahren. Bei geschlossenen Lehrg\u00e4ngen k\u00f6nnen auch Echtdaten aus abgeschlossenen oder laufenden Ermittlungsverfahren des jeweiligen Auftraggebers analysiert werden.<\/span><\/p>\n<p><span style=\"font-family: arial, helvetica, sans-serif;\">Der Kurs kann mit Workshop Veranstaltungen anderer angebotener Schulungen zu Analyse-Werkzeugen kombiniert werden.<\/span><\/p>\n<p>&nbsp;<\/p>\n<ol start=\"2\">\n<li><span style=\"font-family: arial, helvetica, sans-serif;\">Kursinhalte<\/span><\/li>\n<\/ol>\n<ul>\n<li><span style=\"font-family: arial, helvetica, sans-serif;\">\u00dcbungen angelehnt an echte F\u00e4lle<\/span><\/li>\n<li><span style=\"font-family: arial, helvetica, sans-serif;\">Die \u00dcbungen werden auf den Kriminalit\u00e4tsschwerpunkt der Teilnehmer angepasst<\/span><\/li>\n<\/ul>\n<p>&nbsp;<\/p>\n<ol start=\"3\">\n<li><span style=\"font-family: arial, helvetica, sans-serif;\">Ziele<\/span><\/li>\n<\/ol>\n<p><span style=\"font-family: arial, helvetica, sans-serif;\">Das Modul vermittelt den Teilnehmern Handlungssicherheit und neue Sichtweisen \/ Analysemethoden in ihrem Aufgabenbereich \/ Kriminalit\u00e4tsph\u00e4nomen.<\/span><\/p>\n<p>&nbsp;<\/p>\n<ol start=\"4\">\n<li><span style=\"font-family: arial, helvetica, sans-serif;\">Voraussetzungen<\/span><\/li>\n<\/ol>\n<p><span style=\"font-family: arial, helvetica, sans-serif;\">Die Teilnehmer sollten zuvor mindestens das Modul 1 und 2 besucht haben.<\/span><\/p>\n<p><span style=\"font-family: arial, helvetica, sans-serif;\">Die Sch\u00fcler m\u00fcssen mit Microsoft Windows vertraut sein. Alle Kurse werden in deutscher Sprache durchgef\u00fchrt. Eine Schulung mit Hilfe von Dolmetschern ist m\u00f6glich.<\/span><\/p>\n<p>&nbsp;<\/p>\n<ol start=\"5\">\n<li><span style=\"font-family: arial, helvetica, sans-serif;\">Zielgruppe<\/span><\/li>\n<\/ol>\n<p><span style=\"font-family: arial, helvetica, sans-serif;\">Das Modul richtet sich an erfahrene Nutzer und vermittelt Handlungssicherheit und neue Analyse-Methoden, die durch die Software InfoZoom unterst\u00fctzt werden.<\/span><\/p>\n<p><span style=\"font-family: arial, helvetica, sans-serif;\">Der Kurs kann in Verbindung mit Workshops zu anderen Analyse-Werkzeugen, die durch die Fa. attac<sup>2<\/sup> angeboten werden, gebucht werden.<\/span><\/p>\n<p>&nbsp;<\/p>\n<p><span style=\"font-family: arial, helvetica, sans-serif;\"><strong><u>InfoZoom Update (Modul\u00a06) (nach\u00a0Bedarf)<\/u><\/strong><\/span><\/p>\n<p><span style=\"font-family: arial, helvetica, sans-serif;\">Dauer: Nach Absprache je nach gew\u00fcnschtem Inhalt<\/span><\/p>\n<p>&nbsp;<\/p>\n<ol>\n<li><span style=\"font-family: arial, helvetica, sans-serif;\">Beschreibung<\/span><\/li>\n<\/ol>\n<p><span style=\"font-family: arial, helvetica, sans-serif;\">Der Auftraggeber gibt vor, welche (neuen) Werkzeuge der Software InfoZoom geschult werden sollen. Der Lehrgang eignet sich somit zur Auffrischung der Kenntnisse aber auch als Update nachdem Neuerungen in der Software InfoZoom eingef\u00fchrt wurden.<\/span><\/p>\n<p>&nbsp;<\/p>\n<ol start=\"2\">\n<li><span style=\"font-family: arial, helvetica, sans-serif;\">Kursinhalte<\/span><\/li>\n<\/ol>\n<ul>\n<li><span style=\"font-family: arial, helvetica, sans-serif;\">Nach Vorgabe \/ Absprache mit dem Auftraggeber<\/span><\/li>\n<\/ul>\n<p>&nbsp;<\/p>\n<ol start=\"3\">\n<li><span style=\"font-family: arial, helvetica, sans-serif;\">Ziele<\/span><\/li>\n<\/ol>\n<p><span style=\"font-family: arial, helvetica, sans-serif;\">Das Modul vermittelt dem Teilnehmer Handlungssicherheit in den Neuerungen der Software InfoZoom \u00a0bzw. wiederholt zielgerichtet Unterrichtungen f\u00fcr gew\u00fcnschte Werkzeuge aus InfoZoom.<\/span><\/p>\n<p>&nbsp;<\/p>\n<ol start=\"4\">\n<li><span style=\"font-family: arial, helvetica, sans-serif;\">Voraussetzungen<\/span><\/li>\n<\/ol>\n<p><span style=\"font-family: arial, helvetica, sans-serif;\">Die Teilnehmer sollten zuvor mindestens das Modul 1 besucht haben.<\/span><\/p>\n<p><span style=\"font-family: arial, helvetica, sans-serif;\">Die Sch\u00fcler m\u00fcssen mit Microsoft Windows vertraut sein. Alle Kurse werden in deutscher Sprache durchgef\u00fchrt. Eine Schulung mit Hilfe von Dolmetschern ist m\u00f6glich.<\/span><\/p>\n<p>&nbsp;<\/p>\n<ol start=\"5\">\n<li><span style=\"font-family: arial, helvetica, sans-serif;\">Zielgruppe<\/span><\/li>\n<\/ol>\n<p><span style=\"font-family: arial, helvetica, sans-serif;\">Das Modul richtet sich an erfahrene Nutzer und vermittelt Handlungssicherheit und neue Analyse-Methoden, die durch die Software InfoZoom unterst\u00fctzt werden.<\/span><\/p>\n","protected":false},"excerpt":{"rendered":"<p>Basisschulung (Modul\u00a01) Dauer: 4 Tage bzw. 32 UE \u00e1 45 Minuten Beschreibung Die Basisschulung vermittelt die wesentlichen Elemente des Programms InfoZoom. Die Kursteilnehmer lernen den Import von Daten aus Text-, Excel- und Datenbank-Formaten, die Erstellung von abgeleiteten Attributen, Diagrammen und Reports sowie den Export von InfoZoom-Daten in externe Formate. &nbsp; Kursinhalte Einf\u00fchrung in InfoZoom Import [&hellip;]<\/p>\n","protected":false},"author":1,"featured_media":0,"parent":0,"menu_order":0,"comment_status":"closed","ping_status":"closed","template":"page-full-width.php","meta":{"footnotes":""},"class_list":["post-48","page","type-page","status-publish","hentry"],"_links":{"self":[{"href":"https:\/\/www.attac2.de\/index.php?rest_route=\/wp\/v2\/pages\/48"}],"collection":[{"href":"https:\/\/www.attac2.de\/index.php?rest_route=\/wp\/v2\/pages"}],"about":[{"href":"https:\/\/www.attac2.de\/index.php?rest_route=\/wp\/v2\/types\/page"}],"author":[{"embeddable":true,"href":"https:\/\/www.attac2.de\/index.php?rest_route=\/wp\/v2\/users\/1"}],"replies":[{"embeddable":true,"href":"https:\/\/www.attac2.de\/index.php?rest_route=%2Fwp%2Fv2%2Fcomments&post=48"}],"version-history":[{"count":8,"href":"https:\/\/www.attac2.de\/index.php?rest_route=\/wp\/v2\/pages\/48\/revisions"}],"predecessor-version":[{"id":123,"href":"https:\/\/www.attac2.de\/index.php?rest_route=\/wp\/v2\/pages\/48\/revisions\/123"}],"wp:attachment":[{"href":"https:\/\/www.attac2.de\/index.php?rest_route=%2Fwp%2Fv2%2Fmedia&parent=48"}],"curies":[{"name":"wp","href":"https:\/\/api.w.org\/{rel}","templated":true}]}}