{"id":54,"date":"2018-02-09T03:59:22","date_gmt":"2018-02-09T03:59:22","guid":{"rendered":"http:\/\/www.attac2.de\/?page_id=54"},"modified":"2018-06-15T22:30:38","modified_gmt":"2018-06-15T22:30:38","slug":"geotime","status":"publish","type":"page","link":"https:\/\/www.attac2.de\/?page_id=54","title":{"rendered":"GeoTime"},"content":{"rendered":"<h1><img loading=\"lazy\" decoding=\"async\" class=\"alignnone wp-image-85\" src=\"http:\/\/h1662569.stratoserver.net\/wp-content\/uploads\/2018\/06\/white.png\" alt=\"\" width=\"300\" height=\"144\" \/><img decoding=\"async\" src=\"http:\/\/h1662569.stratoserver.net\/wp-content\/uploads\/2018\/06\/White.png\" alt=\"\" \/>\u00a0\u00a0\u00a0\u00a0\u00a0\u00a0<img loading=\"lazy\" decoding=\"async\" class=\"alignnone size-medium wp-image-195\" src=\"http:\/\/www.attac2.de\/wp-content\/uploads\/2018\/06\/White-1-300x96.png\" alt=\"\" width=\"300\" height=\"96\" srcset=\"https:\/\/www.attac2.de\/wp-content\/uploads\/2018\/06\/White-1-300x96.png 300w, https:\/\/www.attac2.de\/wp-content\/uploads\/2018\/06\/White-1-768x245.png 768w, https:\/\/www.attac2.de\/wp-content\/uploads\/2018\/06\/White-1.png 886w\" sizes=\"(max-width: 300px) 100vw, 300px\" \/><br \/>\n<span style=\"font-size: 18pt;\"><img loading=\"lazy\" decoding=\"async\" class=\"wp-image-67 size-full alignnone\" src=\"http:\/\/h1662569.stratoserver.net\/wp-content\/uploads\/2018\/01\/Process-Flow.png\" alt=\"\" width=\"1292\" height=\"448\" \/><\/span><\/h1>\n<p>&nbsp;<\/p>\n<p><span style=\"font-size: 18pt;\">GeoTime wird derzeit von tausenden Auswertern in \u00fcber 18 L\u00e4ndern von diversen Bundesbeh\u00f6rden, nationalen Verteidigungseinrichtungen und Nachrichtendiensten verwendet.<\/span><\/p>\n<p><span style=\"font-size: 18pt;\">Im deutschsprachigen Raum wird GeoTime aktuell durch verschiedene Landes- und Bundesbeh\u00f6rden im Bereich der Strafverfolgung eingesetzt.<\/span><\/p>\n<p><span style=\"font-size: 18pt;\">Die gro\u00dfe St\u00e4rke von GeoTime liegt bei der Analyse sowie der Berichterstellung und Pr\u00e4sentation von georeferenzierten Daten. Die implementierten Analysefunktionen erlauben ein Clustern und Selektieren der Daten. Innerhalb k\u00fcrzester Zeit k\u00f6nnen neue Ermittlungsans\u00e4tze gewonnen werden, die die vorhandenen Puzzlest\u00fccke zusammenf\u00fcgen. Die Ergebnisse lassen sich zus\u00e4tzlich als Videodatei ausgeben und vermitteln so einen genauen \u00dcberblick auf das stattgefundene Ereignis.<\/span><\/p>\n<p>&nbsp;<\/p>\n<p>&nbsp;<\/p>\n<div id=\"attachment_158\" style=\"width: 760px\" class=\"wp-caption alignnone\"><img loading=\"lazy\" decoding=\"async\" aria-describedby=\"caption-attachment-158\" class=\"wp-image-158\" src=\"http:\/\/www.attac2.de\/wp-content\/uploads\/2018\/02\/slide-1-spotoutliers-2x-1024x466.png\" alt=\"\" width=\"750\" height=\"342\" srcset=\"https:\/\/www.attac2.de\/wp-content\/uploads\/2018\/02\/slide-1-spotoutliers-2x-1024x466.png 1024w, https:\/\/www.attac2.de\/wp-content\/uploads\/2018\/02\/slide-1-spotoutliers-2x-300x137.png 300w, https:\/\/www.attac2.de\/wp-content\/uploads\/2018\/02\/slide-1-spotoutliers-2x-768x350.png 768w\" sizes=\"(max-width: 750px) 100vw, 750px\" \/><p id=\"caption-attachment-158\" class=\"wp-caption-text\">Durch die au\u00dfergew\u00f6hnliche 3D-Darstellung werden Muster und Verhalten identifiziert, die sonst in der \u00fcblichen Darstellung \u00fcbersehen werden oder erst aufw\u00e4ndig extrahiert werden m\u00fcssen.<\/p><\/div>\n<div id=\"attachment_157\" style=\"width: 760px\" class=\"wp-caption alignright\"><img loading=\"lazy\" decoding=\"async\" aria-describedby=\"caption-attachment-157\" class=\"wp-image-157\" src=\"http:\/\/www.attac2.de\/wp-content\/uploads\/2018\/02\/slide-2-timelocation-2x-1024x465.png\" alt=\"\" width=\"750\" height=\"341\" srcset=\"https:\/\/www.attac2.de\/wp-content\/uploads\/2018\/02\/slide-2-timelocation-2x-1024x465.png 1024w, https:\/\/www.attac2.de\/wp-content\/uploads\/2018\/02\/slide-2-timelocation-2x-300x136.png 300w, https:\/\/www.attac2.de\/wp-content\/uploads\/2018\/02\/slide-2-timelocation-2x-768x349.png 768w\" sizes=\"(max-width: 750px) 100vw, 750px\" \/><p id=\"caption-attachment-157\" class=\"wp-caption-text\">GeoTime erlaubt das sehr schnelle in Beziehung setzen von Daten sowie deren r\u00e4umliche und zeitliche Bez\u00fcge untereinander.<\/p><\/div>\n","protected":false},"excerpt":{"rendered":"<p>\u00a0\u00a0\u00a0\u00a0\u00a0\u00a0 &nbsp; GeoTime wird derzeit von tausenden Auswertern in \u00fcber 18 L\u00e4ndern von diversen Bundesbeh\u00f6rden, nationalen Verteidigungseinrichtungen und Nachrichtendiensten verwendet. Im deutschsprachigen Raum wird GeoTime aktuell durch verschiedene Landes- und Bundesbeh\u00f6rden im Bereich der Strafverfolgung eingesetzt. Die gro\u00dfe St\u00e4rke von GeoTime liegt bei der Analyse sowie der Berichterstellung und Pr\u00e4sentation von georeferenzierten Daten. Die implementierten [&hellip;]<\/p>\n","protected":false},"author":1,"featured_media":0,"parent":0,"menu_order":0,"comment_status":"closed","ping_status":"closed","template":"page-full-width.php","meta":{"footnotes":""},"class_list":["post-54","page","type-page","status-publish","hentry"],"_links":{"self":[{"href":"https:\/\/www.attac2.de\/index.php?rest_route=\/wp\/v2\/pages\/54"}],"collection":[{"href":"https:\/\/www.attac2.de\/index.php?rest_route=\/wp\/v2\/pages"}],"about":[{"href":"https:\/\/www.attac2.de\/index.php?rest_route=\/wp\/v2\/types\/page"}],"author":[{"embeddable":true,"href":"https:\/\/www.attac2.de\/index.php?rest_route=\/wp\/v2\/users\/1"}],"replies":[{"embeddable":true,"href":"https:\/\/www.attac2.de\/index.php?rest_route=%2Fwp%2Fv2%2Fcomments&post=54"}],"version-history":[{"count":19,"href":"https:\/\/www.attac2.de\/index.php?rest_route=\/wp\/v2\/pages\/54\/revisions"}],"predecessor-version":[{"id":198,"href":"https:\/\/www.attac2.de\/index.php?rest_route=\/wp\/v2\/pages\/54\/revisions\/198"}],"wp:attachment":[{"href":"https:\/\/www.attac2.de\/index.php?rest_route=%2Fwp%2Fv2%2Fmedia&parent=54"}],"curies":[{"name":"wp","href":"https:\/\/api.w.org\/{rel}","templated":true}]}}